{"id":260,"date":"2017-02-20T10:36:22","date_gmt":"2017-02-20T10:36:22","guid":{"rendered":"https:\/\/demo.themegrill.com\/flash\/?page_id=260"},"modified":"2023-08-02T16:53:31","modified_gmt":"2023-08-02T16:53:31","slug":"portfolio-element","status":"publish","type":"page","link":"https:\/\/rotora.it\/?page_id=260","title":{"rendered":"Marketing Strategico"},"content":{"rendered":"<div id=\"pl-260\"  class=\"panel-layout\" ><div id=\"pg-260-0\"  class=\"panel-grid panel-no-style\" ><div id=\"pgc-260-0-0\"  class=\"panel-grid-cell\" ><div id=\"panel-260-0-0-0\" class=\"so-panel widget widget_themegrill_flash_heading tg-widget section-title-wrapper panel-first-child panel-last-child\" data-index=\"0\" >\t<div class=\"section-description\">I clienti sono il nostro miglior biglietto da visita e il nostro modello di business ci induce, con naturalezza, a diventare loro Partner pi\u00f9 che fornitori di servizi: negli anni abbiamo realizzato diverse soluzioni, per i settori pi\u00f9 disparati, mettendo a disposizione dei clienti le nostre esperienze e capacit\u00e0. Questa sezione raccoglie alcune di queste storie di sfide, impegno e risultati, che vale la pena raccontare.<\/div>\n<\/div><\/div><\/div><div id=\"pg-260-1\"  class=\"panel-grid panel-no-style\" ><div id=\"pgc-260-1-0\"  class=\"panel-grid-cell\" ><div id=\"panel-260-1-0-0\" class=\"so-panel widget widget_themegrill_flash_portfolio tg-section feature-product-section panel-first-child panel-last-child\" data-index=\"1\" ><div class=\"tg-feature-product-layout-1 tg-feature-product-filter-layout\"><div class=\"tg-container\"><div class=\"grid\"><div class=\"tg-column-wrapper\"><div class=\"tg-feature-product-widget element-item uxdesign tg-column-4 portfolio \" data-category=\"portfolio \"><figure><img loading=\"lazy\" decoding=\"async\" width=\"570\" height=\"420\" src=\"https:\/\/rotora.it\/wp-content\/uploads\/2023\/07\/FINANZIAMENTI_3.png\" class=\"attachment-full size-full wp-post-image\" alt=\"\" srcset=\"https:\/\/rotora.it\/wp-content\/uploads\/2023\/07\/FINANZIAMENTI_3.png 570w, https:\/\/rotora.it\/wp-content\/uploads\/2023\/07\/FINANZIAMENTI_3-300x221.png 300w\" sizes=\"auto, (max-width: 570px) 100vw, 570px\" \/><\/figure><div class=\"featured-image-desc\"><span><a href=\"https:\/\/rotora.it\/?portfolio=classic-collection\"><i class=\"fa fa-plus\"><\/i><\/a><\/span><div class=\"feature-inner-block\"><h3 class=\"feature-title-wrap\"><a href=\"https:\/\/rotora.it\/?portfolio=classic-collection\">Zeroglu<\/a><\/h3><h4 class=\"feature-desc-wrap\">www.zeroglu.it Con pi\u00f9 di 400 Clienti diffusi in tutta Italia ed anche in Europa, Zerogl\u00f9 \u00e8 diventata in breve tempo [&hellip;]<\/h4><\/div><\/div><\/div><div class=\"tg-feature-product-widget element-item uxdesign tg-column-4 portfolio \" data-category=\"portfolio \"><figure><img loading=\"lazy\" decoding=\"async\" width=\"1188\" height=\"875\" src=\"https:\/\/rotora.it\/wp-content\/uploads\/2017\/01\/MARKETING_15.jpg\" class=\"attachment-full size-full wp-post-image\" alt=\"\" srcset=\"https:\/\/rotora.it\/wp-content\/uploads\/2017\/01\/MARKETING_15.jpg 1188w, https:\/\/rotora.it\/wp-content\/uploads\/2017\/01\/MARKETING_15-300x221.jpg 300w, https:\/\/rotora.it\/wp-content\/uploads\/2017\/01\/MARKETING_15-1024x754.jpg 1024w, https:\/\/rotora.it\/wp-content\/uploads\/2017\/01\/MARKETING_15-768x566.jpg 768w\" sizes=\"auto, (max-width: 1188px) 100vw, 1188px\" \/><\/figure><div class=\"featured-image-desc\"><span><a href=\"https:\/\/rotora.it\/?portfolio=vintage-collection\"><i class=\"fa fa-plus\"><\/i><\/a><\/span><div class=\"feature-inner-block\"><h3 class=\"feature-title-wrap\"><a href=\"https:\/\/rotora.it\/?portfolio=vintage-collection\">Built in Puglia<\/a><\/h3><h4 class=\"feature-desc-wrap\">BUILT IN PUGLIA \u00e8 stata il primo esperimento regionale di costituzione di una Rete di Imprese, tutte operanti nel settore [&hellip;]<\/h4><\/div><\/div><\/div><div class=\"tg-feature-product-widget element-item uxdesign tg-column-4 portfolio \" data-category=\"portfolio \"><figure><img loading=\"lazy\" decoding=\"async\" width=\"1188\" height=\"875\" src=\"https:\/\/rotora.it\/wp-content\/uploads\/2017\/01\/MARKETING_16.jpg\" class=\"attachment-full size-full wp-post-image\" alt=\"\" srcset=\"https:\/\/rotora.it\/wp-content\/uploads\/2017\/01\/MARKETING_16.jpg 1188w, https:\/\/rotora.it\/wp-content\/uploads\/2017\/01\/MARKETING_16-300x221.jpg 300w, https:\/\/rotora.it\/wp-content\/uploads\/2017\/01\/MARKETING_16-1024x754.jpg 1024w, https:\/\/rotora.it\/wp-content\/uploads\/2017\/01\/MARKETING_16-768x566.jpg 768w\" sizes=\"auto, (max-width: 1188px) 100vw, 1188px\" \/><\/figure><div class=\"featured-image-desc\"><span><a href=\"https:\/\/rotora.it\/?portfolio=classic-watch\"><i class=\"fa fa-plus\"><\/i><\/a><\/span><div class=\"feature-inner-block\"><h3 class=\"feature-title-wrap\"><a href=\"https:\/\/rotora.it\/?portfolio=classic-watch\">Sei System<\/a><\/h3><h4 class=\"feature-desc-wrap\">Azienda operante nel settore dell\u2019Edilizia, specializzata nella produzione di cassonetti per avvolgibili e\u00a0sistemi monoblocco. Si\u00a0posiziona ai massimi livelli del settore, [&hellip;]<\/h4><\/div><\/div><\/div><div class=\"tg-feature-product-widget element-item uxdesign tg-column-4 portfolio \" data-category=\"portfolio \"><figure><img loading=\"lazy\" decoding=\"async\" width=\"1188\" height=\"875\" src=\"https:\/\/rotora.it\/wp-content\/uploads\/2017\/01\/MARKETING_17.jpg\" class=\"attachment-full size-full wp-post-image\" alt=\"\" srcset=\"https:\/\/rotora.it\/wp-content\/uploads\/2017\/01\/MARKETING_17.jpg 1188w, https:\/\/rotora.it\/wp-content\/uploads\/2017\/01\/MARKETING_17-300x221.jpg 300w, https:\/\/rotora.it\/wp-content\/uploads\/2017\/01\/MARKETING_17-1024x754.jpg 1024w, https:\/\/rotora.it\/wp-content\/uploads\/2017\/01\/MARKETING_17-768x566.jpg 768w\" sizes=\"auto, (max-width: 1188px) 100vw, 1188px\" \/><\/figure><div class=\"featured-image-desc\"><span><a href=\"https:\/\/rotora.it\/?portfolio=mac-product\"><i class=\"fa fa-plus\"><\/i><\/a><\/span><div class=\"feature-inner-block\"><h3 class=\"feature-title-wrap\"><a href=\"https:\/\/rotora.it\/?portfolio=mac-product\">Tenda Sistem<\/a><\/h3><h4 class=\"feature-desc-wrap\">Giovane Azienda produttrice di Sistemi per la protezione e schermatura da insetti e irradiazione solare degli edifici residenziali, TENDA SISTEM, [&hellip;]<\/h4><\/div><\/div><\/div><div class=\"tg-feature-product-widget element-item uxdesign tg-column-4 portfolio \" data-category=\"portfolio \"><figure><img loading=\"lazy\" decoding=\"async\" width=\"1188\" height=\"875\" src=\"https:\/\/rotora.it\/wp-content\/uploads\/2017\/01\/MARKETING_18.jpg\" class=\"attachment-full size-full wp-post-image\" alt=\"\" srcset=\"https:\/\/rotora.it\/wp-content\/uploads\/2017\/01\/MARKETING_18.jpg 1188w, https:\/\/rotora.it\/wp-content\/uploads\/2017\/01\/MARKETING_18-300x221.jpg 300w, https:\/\/rotora.it\/wp-content\/uploads\/2017\/01\/MARKETING_18-1024x754.jpg 1024w, https:\/\/rotora.it\/wp-content\/uploads\/2017\/01\/MARKETING_18-768x566.jpg 768w\" sizes=\"auto, (max-width: 1188px) 100vw, 1188px\" \/><\/figure><div class=\"featured-image-desc\"><span><a href=\"https:\/\/rotora.it\/?portfolio=old-gadget\"><i class=\"fa fa-plus\"><\/i><\/a><\/span><div class=\"feature-inner-block\"><h3 class=\"feature-title-wrap\"><a href=\"https:\/\/rotora.it\/?portfolio=old-gadget\">Antinia<\/a><\/h3><h4 class=\"feature-desc-wrap\">Antinia \u00e8 un\u2019azienda che opera nel settore della gestione dei rifiuti e delle bonifiche ambientali, rivolgendo i propri servizi a [&hellip;]<\/h4><\/div><\/div><\/div><div class=\"tg-feature-product-widget element-item uxdesign tg-column-4 portfolio \" data-category=\"portfolio \"><figure><img loading=\"lazy\" decoding=\"async\" width=\"1188\" height=\"875\" src=\"https:\/\/rotora.it\/wp-content\/uploads\/2017\/01\/MARKETING_30.jpg\" class=\"attachment-full size-full wp-post-image\" alt=\"\" srcset=\"https:\/\/rotora.it\/wp-content\/uploads\/2017\/01\/MARKETING_30.jpg 1188w, https:\/\/rotora.it\/wp-content\/uploads\/2017\/01\/MARKETING_30-300x221.jpg 300w, https:\/\/rotora.it\/wp-content\/uploads\/2017\/01\/MARKETING_30-1024x754.jpg 1024w, https:\/\/rotora.it\/wp-content\/uploads\/2017\/01\/MARKETING_30-768x566.jpg 768w\" sizes=\"auto, (max-width: 1188px) 100vw, 1188px\" \/><\/figure><div class=\"featured-image-desc\"><span><a href=\"https:\/\/rotora.it\/?portfolio=iphone-showcase\"><i class=\"fa fa-plus\"><\/i><\/a><\/span><div class=\"feature-inner-block\"><h3 class=\"feature-title-wrap\"><a href=\"https:\/\/rotora.it\/?portfolio=iphone-showcase\">FreeNappy<\/a><\/h3><h4 class=\"feature-desc-wrap\">www.frenappy.com FREENAPPY \u00e8 un&#8217;azienda e-commerce di prodotti esclusivamente BIO ed ECO compatibili per l\u2019igiene, salute e benessere di neonati, bambini, [&hellip;]<\/h4><\/div><\/div><\/div><div class=\"tg-feature-product-widget element-item uxdesign tg-column-4 portfolio \" data-category=\"portfolio \"><figure><img loading=\"lazy\" decoding=\"async\" width=\"1188\" height=\"875\" src=\"https:\/\/rotora.it\/wp-content\/uploads\/2017\/01\/MARKETING_28.jpg\" class=\"attachment-full size-full wp-post-image\" alt=\"\" srcset=\"https:\/\/rotora.it\/wp-content\/uploads\/2017\/01\/MARKETING_28.jpg 1188w, https:\/\/rotora.it\/wp-content\/uploads\/2017\/01\/MARKETING_28-300x221.jpg 300w, https:\/\/rotora.it\/wp-content\/uploads\/2017\/01\/MARKETING_28-1024x754.jpg 1024w, https:\/\/rotora.it\/wp-content\/uploads\/2017\/01\/MARKETING_28-768x566.jpg 768w\" sizes=\"auto, (max-width: 1188px) 100vw, 1188px\" \/><\/figure><div class=\"featured-image-desc\"><span><a href=\"https:\/\/rotora.it\/?portfolio=vintage-watch\"><i class=\"fa fa-plus\"><\/i><\/a><\/span><div class=\"feature-inner-block\"><h3 class=\"feature-title-wrap\"><a href=\"https:\/\/rotora.it\/?portfolio=vintage-watch\">SUD&#8217;S Pregiato Birrificio Meridionale<\/a><\/h3><h4 class=\"feature-desc-wrap\">SUD&#8217;S \u00e8 tra i primi microbirrifici sorti in Puglia. Nel tempo diventato un punto di riferimento territoriale, tanto per la [&hellip;]<\/h4><\/div><\/div><\/div><div class=\"tg-feature-product-widget element-item uxdesign tg-column-4 portfolio \" data-category=\"portfolio \"><figure><img loading=\"lazy\" decoding=\"async\" width=\"1188\" height=\"875\" src=\"https:\/\/rotora.it\/wp-content\/uploads\/2017\/01\/MARKETING_34.jpg\" class=\"attachment-full size-full wp-post-image\" alt=\"\" srcset=\"https:\/\/rotora.it\/wp-content\/uploads\/2017\/01\/MARKETING_34.jpg 1188w, https:\/\/rotora.it\/wp-content\/uploads\/2017\/01\/MARKETING_34-300x221.jpg 300w, https:\/\/rotora.it\/wp-content\/uploads\/2017\/01\/MARKETING_34-1024x754.jpg 1024w, https:\/\/rotora.it\/wp-content\/uploads\/2017\/01\/MARKETING_34-768x566.jpg 768w\" sizes=\"auto, (max-width: 1188px) 100vw, 1188px\" \/><\/figure><div class=\"featured-image-desc\"><span><a href=\"https:\/\/rotora.it\/?portfolio=story-book\"><i class=\"fa fa-plus\"><\/i><\/a><\/span><div class=\"feature-inner-block\"><h3 class=\"feature-title-wrap\"><a href=\"https:\/\/rotora.it\/?portfolio=story-book\">Bizard<\/a><\/h3><h4 class=\"feature-desc-wrap\">www.bizardapp.com BIZARD \u00e8 una innovativa applicazione business che consente di creare, organizzare e gestire velocemente la propria rete di contatti [&hellip;]<\/h4><\/div><\/div><\/div><\/div><!-- \/.tg-column-wrapper--><\/div><!-- \/.grid --><\/div><!-- \/.tg-container --><\/div><!-- \/.layout div --><\/div><\/div><\/div><\/div>","protected":false},"excerpt":{"rendered":"<p>I clienti sono il nostro miglior biglietto da visita e il nostro modello di business ci induce, con naturalezza, a [&hellip;]<\/p>\n","protected":false},"author":2,"featured_media":0,"parent":0,"menu_order":0,"comment_status":"closed","ping_status":"closed","template":"page-templates\/full-width.php","meta":{"footnotes":""},"class_list":["post-260","page","type-page","status-publish","hentry"],"_links":{"self":[{"href":"https:\/\/rotora.it\/index.php?rest_route=\/wp\/v2\/pages\/260","targetHints":{"allow":["GET"]}}],"collection":[{"href":"https:\/\/rotora.it\/index.php?rest_route=\/wp\/v2\/pages"}],"about":[{"href":"https:\/\/rotora.it\/index.php?rest_route=\/wp\/v2\/types\/page"}],"author":[{"embeddable":true,"href":"https:\/\/rotora.it\/index.php?rest_route=\/wp\/v2\/users\/2"}],"replies":[{"embeddable":true,"href":"https:\/\/rotora.it\/index.php?rest_route=%2Fwp%2Fv2%2Fcomments&post=260"}],"version-history":[{"count":8,"href":"https:\/\/rotora.it\/index.php?rest_route=\/wp\/v2\/pages\/260\/revisions"}],"predecessor-version":[{"id":1046,"href":"https:\/\/rotora.it\/index.php?rest_route=\/wp\/v2\/pages\/260\/revisions\/1046"}],"wp:attachment":[{"href":"https:\/\/rotora.it\/index.php?rest_route=%2Fwp%2Fv2%2Fmedia&parent=260"}],"curies":[{"name":"wp","href":"https:\/\/api.w.org\/{rel}","templated":true}]}}